{"id":29,"date":"2024-07-18T10:24:54","date_gmt":"2024-07-18T10:24:54","guid":{"rendered":"https:\/\/321brand.net\/tst\/?page_id=29"},"modified":"2024-07-26T07:55:58","modified_gmt":"2024-07-26T07:55:58","slug":"tst-based-research","status":"publish","type":"page","link":"https:\/\/321brand.net\/tst\/tst-based-research\/","title":{"rendered":"TST-BASED RESEARCH"},"content":{"rendered":"\t\t<div data-elementor-type=\"wp-page\" data-elementor-id=\"29\" class=\"elementor elementor-29\">\n\t\t\t\t<div class=\"elementor-element elementor-element-bf46257 e-con-full e-flex e-con e-parent\" data-id=\"bf46257\" data-element_type=\"container\">\n\t\t<div class=\"elementor-element elementor-element-e1b54c0 e-con-full e-flex e-con e-child\" data-id=\"e1b54c0\" data-element_type=\"container\">\n\t\t\t\t<div class=\"elementor-element elementor-element-d24dfda elementor-widget elementor-widget-heading\" data-id=\"d24dfda\" data-element_type=\"widget\" data-widget_type=\"heading.default\">\n\t\t\t\t<div class=\"elementor-widget-container\">\n\t\t\t<style>\/*! elementor - v3.23.0 - 15-07-2024 *\/\n.elementor-heading-title{padding:0;margin:0;line-height:1}.elementor-widget-heading .elementor-heading-title[class*=elementor-size-]>a{color:inherit;font-size:inherit;line-height:inherit}.elementor-widget-heading .elementor-heading-title.elementor-size-small{font-size:15px}.elementor-widget-heading .elementor-heading-title.elementor-size-medium{font-size:19px}.elementor-widget-heading .elementor-heading-title.elementor-size-large{font-size:29px}.elementor-widget-heading .elementor-heading-title.elementor-size-xl{font-size:39px}.elementor-widget-heading .elementor-heading-title.elementor-size-xxl{font-size:59px}<\/style><h1 class=\"elementor-heading-title elementor-size-default\">TST-based research <\/h1>\t\t<\/div>\n\t\t\t\t<\/div>\n\t\t\t\t<\/div>\n\t\t<div class=\"elementor-element elementor-element-d7bcf2c e-con-full e-flex e-con e-child\" data-id=\"d7bcf2c\" data-element_type=\"container\">\n\t\t\t\t<div class=\"elementor-element elementor-element-1fe4992 elementor-widget elementor-widget-text-editor\" data-id=\"1fe4992\" data-element_type=\"widget\" data-widget_type=\"text-editor.default\">\n\t\t\t\t<div class=\"elementor-widget-container\">\n\t\t\t<style>\/*! elementor - v3.23.0 - 15-07-2024 *\/\n.elementor-widget-text-editor.elementor-drop-cap-view-stacked .elementor-drop-cap{background-color:#69727d;color:#fff}.elementor-widget-text-editor.elementor-drop-cap-view-framed .elementor-drop-cap{color:#69727d;border:3px solid;background-color:transparent}.elementor-widget-text-editor:not(.elementor-drop-cap-view-default) .elementor-drop-cap{margin-top:8px}.elementor-widget-text-editor:not(.elementor-drop-cap-view-default) .elementor-drop-cap-letter{width:1em;height:1em}.elementor-widget-text-editor .elementor-drop-cap{float:left;text-align:center;line-height:1;font-size:50px}.elementor-widget-text-editor .elementor-drop-cap-letter{display:inline-block}<\/style>\t\t\t\t<p>TST asks users to write this acknowledgement sentence in your paper if you are including observations made at TST.<\/p><p>\u201cThis article [is based on \/ includes observations made in] the Transit Survey Telescope (TST) in the Teide Observatory of the IAC, that Light Bridges operates in the Island of Tenerife, Canary Islands (Spain). The Observing Time Rights (DTO) used for this research were provided by [type of funding \/ donor \/ provider].\u201d<\/p>\t\t\t\t\t\t<\/div>\n\t\t\t\t<\/div>\n\t\t\t\t<\/div>\n\t\t\t\t<\/div>\n\t\t<div class=\"elementor-element elementor-element-c4db8b0 e-con-full e-flex e-con e-parent\" data-id=\"c4db8b0\" data-element_type=\"container\">\n\t\t\t\t<div class=\"elementor-element elementor-element-21ed9da elementor-widget elementor-widget-text-editor\" data-id=\"21ed9da\" data-element_type=\"widget\" data-widget_type=\"text-editor.default\">\n\t\t\t\t<div class=\"elementor-widget-container\">\n\t\t\t\t\t\t\t<table class=\"based\">\n<tbody>\n<tr>\n<th>TITLE<\/th>\n<th>AUTHORS<\/th>\n<th>DATE<\/th>\n<th>DOI<\/th>\n<\/tr>\n<tr>\n<td>Discovery and physical characterization as the first response to a potential asteroid collision: The case of 2023DZ<\/td>\n<td>Marcel M. Popescu, O. V\u0103duvescu, Julia de Le\u00f3n, C. de la Fuente Marcos, R. de la Fuente Marcos, M. O. St\u0103nescu, M. R. Alarcon, M. Serra Ricart, J. Licandro, D. Berte\u015fteanu, M. Predatu, L. Curelaru, F. Barwell, K. Jhass, C. Boldea, A. Aznar Mac\u00edas, L. Hudin, B. A. Dumitru<\/td>\n<td>23\/08\/2023<\/td>\n<td><a href=\"#\">LINK TO PAPER<\/a><\/td>\n<\/tr>\n<tr>\n<td>Discovery and physical characterization as the first response to a potential asteroid collision: The case of 2023DZ<\/td>\n<td>Marcel M. Popescu, O. V\u0103duvescu, Julia de Le\u00f3n, C. de la Fuente Marcos, R. de la Fuente Marcos, M. O. St\u0103nescu, M. R. Alarcon, M. Serra Ricart, J. Licandro, D. Berte\u015fteanu, M. Predatu, L. Curelaru, F. Barwell, K. Jhass, C. Boldea, A. Aznar Mac\u00edas, L. Hudin, B. A. Dumitru<\/td>\n<td>23\/08\/2023<\/td>\n<td><a href=\"#\">LINK TO PAPER<\/a><\/td>\n<\/tr>\n<tr>\n<td>Discovery and physical characterization as the first response to a potential asteroid collision: The case of 2023DZ<\/td>\n<td>Marcel M. Popescu, O. V\u0103duvescu, Julia de Le\u00f3n, C. de la Fuente Marcos, R. de la Fuente Marcos, M. O. St\u0103nescu, M. R. Alarcon, M. Serra Ricart, J. Licandro, D. Berte\u015fteanu, M. Predatu, L. Curelaru, F. Barwell, K. Jhass, C. Boldea, A. Aznar Mac\u00edas, L. Hudin, B. A. Dumitru<\/td>\n<td>23\/08\/2023<\/td>\n<td><a href=\"#\">LINK TO PAPER<\/a><\/td>\n<\/tr>\n<tr>\n<td>Discovery and physical characterization as the first response to a potential asteroid collision: The case of 2023DZ<\/td>\n<td>Marcel M. Popescu, O. V\u0103duvescu, Julia de Le\u00f3n, C. de la Fuente Marcos, R. de la Fuente Marcos, M. O. St\u0103nescu, M. R. Alarcon, M. Serra Ricart, J. Licandro, D. Berte\u015fteanu, M. Predatu, L. Curelaru, F. Barwell, K. Jhass, C. Boldea, A. Aznar Mac\u00edas, L. Hudin, B. A. Dumitru<\/td>\n<td>23\/08\/2023<\/td>\n<td><a href=\"#\">LINK TO PAPER<\/a><\/td>\n<\/tr>\n<tr>\n<td>Discovery and physical characterization as the first response to a potential asteroid collision: The case of 2023DZ<\/td>\n<td>Marcel M. Popescu, O. V\u0103duvescu, Julia de Le\u00f3n, C. de la Fuente Marcos, R. de la Fuente Marcos, M. O. St\u0103nescu, M. R. Alarcon, M. Serra Ricart, J. Licandro, D. Berte\u015fteanu, M. Predatu, L. Curelaru, F. Barwell, K. Jhass, C. Boldea, A. Aznar Mac\u00edas, L. Hudin, B. A. Dumitru<\/td>\n<td>23\/08\/2023<\/td>\n<td><a href=\"#\">LINK TO PAPER<\/a><\/td>\n<\/tr>\n<\/tbody>\n<\/table>\t\t\t\t\t\t<\/div>\n\t\t\t\t<\/div>\n\t\t\t\t<\/div>\n\t\t<div class=\"elementor-element elementor-element-92ee6c8 e-flex e-con-boxed e-con e-parent\" data-id=\"92ee6c8\" data-element_type=\"container\">\n\t\t\t\t\t<div class=\"e-con-inner\">\n\t\t\t\t<div class=\"elementor-element elementor-element-25a4339 elementor-align-center elementor-widget elementor-widget-button\" data-id=\"25a4339\" data-element_type=\"widget\" data-widget_type=\"button.default\">\n\t\t\t\t<div class=\"elementor-widget-container\">\n\t\t\t\t\t<div class=\"elementor-button-wrapper\">\n\t\t\t<a class=\"elementor-button elementor-button-link elementor-size-sm\" href=\"https:\/\/321brand.net\/tst\/submit-yourobserving-proposal\/\">\n\t\t\t\t\t\t<span class=\"elementor-button-content-wrapper\">\n\t\t\t\t\t\t\t\t\t<span class=\"elementor-button-text\">Submit your observing proposal <\/span>\n\t\t\t\t\t<\/span>\n\t\t\t\t\t<\/a>\n\t\t<\/div>\n\t\t\t\t<\/div>\n\t\t\t\t<\/div>\n\t\t\t\t\t<\/div>\n\t\t\t\t<\/div>\n\t\t\t\t<\/div>\n\t\t","protected":false},"excerpt":{"rendered":"<p>TST-based research TST asks users to write this acknowledgement sentence in your paper if you are including observations made at TST. \u201cThis article [is based on \/ includes observations made in] the Transit Survey Telescope (TST) in the Teide Observatory of the IAC, that Light Bridges operates in the Island of Tenerife, Canary Islands (Spain). [&hellip;]<\/p>\n","protected":false},"author":2,"featured_media":0,"parent":0,"menu_order":0,"comment_status":"closed","ping_status":"closed","template":"","meta":{"footnotes":""},"class_list":["post-29","page","type-page","status-publish","hentry"],"_links":{"self":[{"href":"https:\/\/321brand.net\/tst\/wp-json\/wp\/v2\/pages\/29","targetHints":{"allow":["GET"]}}],"collection":[{"href":"https:\/\/321brand.net\/tst\/wp-json\/wp\/v2\/pages"}],"about":[{"href":"https:\/\/321brand.net\/tst\/wp-json\/wp\/v2\/types\/page"}],"author":[{"embeddable":true,"href":"https:\/\/321brand.net\/tst\/wp-json\/wp\/v2\/users\/2"}],"replies":[{"embeddable":true,"href":"https:\/\/321brand.net\/tst\/wp-json\/wp\/v2\/comments?post=29"}],"version-history":[{"count":67,"href":"https:\/\/321brand.net\/tst\/wp-json\/wp\/v2\/pages\/29\/revisions"}],"predecessor-version":[{"id":756,"href":"https:\/\/321brand.net\/tst\/wp-json\/wp\/v2\/pages\/29\/revisions\/756"}],"wp:attachment":[{"href":"https:\/\/321brand.net\/tst\/wp-json\/wp\/v2\/media?parent=29"}],"curies":[{"name":"wp","href":"https:\/\/api.w.org\/{rel}","templated":true}]}}